{"id":1311,"date":"2022-01-23T15:11:05","date_gmt":"2022-01-23T15:11:05","guid":{"rendered":"https:\/\/abayetiket.com\/karton-etiketler\/"},"modified":"2022-01-23T15:11:05","modified_gmt":"2022-01-23T15:11:05","slug":"karton-etiketler","status":"publish","type":"page","link":"https:\/\/abayetiket.com\/tr\/karton-etiketler\/","title":{"rendered":"Karton etiketler"},"content":{"rendered":"\t\t<div data-elementor-type=\"wp-page\" data-elementor-id=\"1311\" class=\"elementor elementor-1311 elementor-737\" data-elementor-post-type=\"page\">\n\t\t\t\t\t\t<section class=\"elementor-section elementor-top-section elementor-element elementor-element-696c9dca elementor-section-boxed elementor-section-height-default elementor-section-height-default\" data-id=\"696c9dca\" data-element_type=\"section\" data-e-type=\"section\">\n\t\t\t\t\t\t<div class=\"elementor-container elementor-column-gap-default\">\n\t\t\t\t\t<div class=\"elementor-column elementor-col-100 elementor-top-column elementor-element elementor-element-63ec14f2\" data-id=\"63ec14f2\" data-element_type=\"column\" data-e-type=\"column\">\n\t\t\t<div class=\"elementor-widget-wrap elementor-element-populated\">\n\t\t\t\t\t\t<div class=\"elementor-element elementor-element-24036c65 elementor-widget elementor-widget-text-editor\" data-id=\"24036c65\" data-element_type=\"widget\" data-e-type=\"widget\" data-widget_type=\"text-editor.default\">\n\t\t\t\t<div class=\"elementor-widget-container\">\n\t\t\t\t\t\t\t\t\t<h2 style=\"text-align: center;\">KARTON ET\u0130KETLER<\/h2>\n\t\t\t\t\t\t\t\t<\/div>\n\t\t\t\t<\/div>\n\t\t\t\t\t<\/div>\n\t\t<\/div>\n\t\t\t\t\t<\/div>\n\t\t<\/section>\n\t\t\t\t<section class=\"elementor-section elementor-top-section elementor-element elementor-element-77edd4fe elementor-section-stretched elementor-section-content-middle elementor-section-boxed elementor-section-height-default elementor-section-height-default\" data-id=\"77edd4fe\" data-element_type=\"section\" data-e-type=\"section\" data-settings=\"{&quot;stretch_section&quot;:&quot;section-stretched&quot;,&quot;background_background&quot;:&quot;classic&quot;}\">\n\t\t\t\t\t\t<div class=\"elementor-container elementor-column-gap-no\">\n\t\t\t\t\t<div class=\"elementor-column elementor-col-50 elementor-top-column elementor-element elementor-element-309759db\" data-id=\"309759db\" data-element_type=\"column\" data-e-type=\"column\">\n\t\t\t<div class=\"elementor-widget-wrap elementor-element-populated\">\n\t\t\t\t\t\t<div class=\"elementor-element elementor-element-7638c795 elementor-widget elementor-widget-image\" data-id=\"7638c795\" data-element_type=\"widget\" data-e-type=\"widget\" data-widget_type=\"image.default\">\n\t\t\t\t<div class=\"elementor-widget-container\">\n\t\t\t\t\t\t\t\t\t\t\t\t\t\t\t<img fetchpriority=\"high\" decoding=\"async\" width=\"1920\" height=\"1440\" src=\"https:\/\/abayetiket.com\/wp-content\/uploads\/2022\/01\/carton-etiket.png\" class=\"attachment-full size-full wp-image-1286\" alt=\"\" srcset=\"https:\/\/abayetiket.com\/wp-content\/uploads\/2022\/01\/carton-etiket.png 1920w, https:\/\/abayetiket.com\/wp-content\/uploads\/2022\/01\/carton-etiket-300x225.png 300w, https:\/\/abayetiket.com\/wp-content\/uploads\/2022\/01\/carton-etiket-1024x768.png 1024w, https:\/\/abayetiket.com\/wp-content\/uploads\/2022\/01\/carton-etiket-768x576.png 768w, https:\/\/abayetiket.com\/wp-content\/uploads\/2022\/01\/carton-etiket-1536x1152.png 1536w, https:\/\/abayetiket.com\/wp-content\/uploads\/2022\/01\/carton-etiket-195x146.png 195w, https:\/\/abayetiket.com\/wp-content\/uploads\/2022\/01\/carton-etiket-50x38.png 50w, https:\/\/abayetiket.com\/wp-content\/uploads\/2022\/01\/carton-etiket-100x75.png 100w, https:\/\/abayetiket.com\/wp-content\/uploads\/2022\/01\/carton-etiket-960x720.png 960w\" sizes=\"(max-width:767px) 480px, (max-width:1920px) 100vw, 1920px\" \/>\t\t\t\t\t\t\t\t\t\t\t\t\t\t\t<\/div>\n\t\t\t\t<\/div>\n\t\t\t\t\t<\/div>\n\t\t<\/div>\n\t\t\t\t<div class=\"elementor-column elementor-col-50 elementor-top-column elementor-element elementor-element-1b3eef7\" data-id=\"1b3eef7\" data-element_type=\"column\" data-e-type=\"column\">\n\t\t\t<div class=\"elementor-widget-wrap elementor-element-populated\">\n\t\t\t\t\t\t<div class=\"elementor-element elementor-element-65da67ba elementor-widget elementor-widget-text-editor\" data-id=\"65da67ba\" data-element_type=\"widget\" data-e-type=\"widget\" data-widget_type=\"text-editor.default\">\n\t\t\t\t<div class=\"elementor-widget-container\">\n\t\t\t\t\t\t\t\t\t<p style=\"text-align: center;\">Giyim i\u00e7in karton etiketler her markan\u0131n \u00e7ok \u00f6nemli sunumcular\u0131ndan biridir.<br \/>\u0130yi yap\u0131lm\u0131\u015fsa ve ayn\u0131 zamanda g\u00fczel ve modern bir tasar\u0131ma sahipse, sat\u0131\u015flar\u0131, markan\u0131z\u0131n de\u011ferini ve markan\u0131za olan g\u00fcveni kesinlikle artt\u0131r\u0131r.<\/p>\n<p style=\"text-align: center;\">Karton etiketler \u00e7e\u015fitli ebat ve ebatlarda etiketler olabilir. Birka\u00e7 farkl\u0131 kalitede kartondan yap\u0131labilirler.<br \/>M\u00fc\u015fterilerimizin ihtiya\u00e7lar\u0131na y\u00f6nelik karton etiket tasar\u0131m\u0131, bask\u0131s\u0131, tasar\u0131m\u0131 ve teslimat\u0131 yapmaktay\u0131z.<\/p>\n\t\t\t\t\t\t\t\t<\/div>\n\t\t\t\t<\/div>\n\t\t\t\t\t<\/div>\n\t\t<\/div>\n\t\t\t\t\t<\/div>\n\t\t<\/section>\n\t\t\t\t<section class=\"elementor-section elementor-top-section elementor-element elementor-element-7268b855 elementor-section-stretched elementor-section-content-middle elementor-reverse-tablet elementor-reverse-mobile elementor-section-boxed elementor-section-height-default elementor-section-height-default\" data-id=\"7268b855\" data-element_type=\"section\" data-e-type=\"section\" data-settings=\"{&quot;stretch_section&quot;:&quot;section-stretched&quot;,&quot;background_background&quot;:&quot;classic&quot;}\">\n\t\t\t\t\t\t<div class=\"elementor-container elementor-column-gap-no\">\n\t\t\t\t\t<div class=\"elementor-column elementor-col-50 elementor-top-column elementor-element elementor-element-469c2f91\" data-id=\"469c2f91\" data-element_type=\"column\" data-e-type=\"column\">\n\t\t\t<div class=\"elementor-widget-wrap elementor-element-populated\">\n\t\t\t\t\t\t<div class=\"elementor-element elementor-element-3e75604c elementor-widget elementor-widget-text-editor\" data-id=\"3e75604c\" data-element_type=\"widget\" data-e-type=\"widget\" data-widget_type=\"text-editor.default\">\n\t\t\t\t<div class=\"elementor-widget-container\">\n\t\t\t\t\t\t\t\t\t<p><strong>Sipari\u015f ko\u015fullar\u0131:<\/strong><\/p>\n<ul>\n<li>Minimum sipari\u015f miktar\u0131: 15000 adet<\/li>\n<li>\u00dcretim s\u00fcresi: 7-9 i\u015f g\u00fcn\u00fc<\/li>\n<li>Fiyat \u00f6ncelikle a\u015fa\u011f\u0131daki fakt\u00f6rlerden etkilenir:<br \/>\u2022 Etiket boyutu<br \/>\u2022 Karikat\u00fcr\u00fcn t\u00fcr\u00fc ve kalitesi <br \/>\u2022 Sipari\u015f edilen miktar (daha y\u00fcksek miktar = daha d\u00fc\u015f\u00fck fiyat)<\/li>\n<li>\u00fccretsiz tasar\u0131m<\/li>\n<\/ul>\n\t\t\t\t\t\t\t\t<\/div>\n\t\t\t\t<\/div>\n\t\t\t\t\t<\/div>\n\t\t<\/div>\n\t\t\t\t<div class=\"elementor-column elementor-col-50 elementor-top-column elementor-element elementor-element-6cfc482b\" data-id=\"6cfc482b\" data-element_type=\"column\" data-e-type=\"column\">\n\t\t\t<div class=\"elementor-widget-wrap elementor-element-populated\">\n\t\t\t\t\t\t<div class=\"elementor-element elementor-element-ecd3759 elementor-widget elementor-widget-image\" data-id=\"ecd3759\" data-element_type=\"widget\" data-e-type=\"widget\" data-widget_type=\"image.default\">\n\t\t\t\t<div class=\"elementor-widget-container\">\n\t\t\t\t\t\t\t\t\t\t\t\t\t\t\t<img decoding=\"async\" width=\"1238\" height=\"1181\" src=\"https:\/\/abayetiket.com\/wp-content\/uploads\/2022\/01\/50.jpg\" class=\"attachment-full size-full wp-image-1096\" alt=\"\" srcset=\"https:\/\/abayetiket.com\/wp-content\/uploads\/2022\/01\/50.jpg 1238w, https:\/\/abayetiket.com\/wp-content\/uploads\/2022\/01\/50-300x286.jpg 300w, https:\/\/abayetiket.com\/wp-content\/uploads\/2022\/01\/50-1024x977.jpg 1024w, https:\/\/abayetiket.com\/wp-content\/uploads\/2022\/01\/50-768x733.jpg 768w, https:\/\/abayetiket.com\/wp-content\/uploads\/2022\/01\/50-153x146.jpg 153w, https:\/\/abayetiket.com\/wp-content\/uploads\/2022\/01\/50-50x48.jpg 50w, https:\/\/abayetiket.com\/wp-content\/uploads\/2022\/01\/50-79x75.jpg 79w\" sizes=\"(max-width:767px) 480px, (max-width:1238px) 100vw, 1238px\" \/>\t\t\t\t\t\t\t\t\t\t\t\t\t\t\t<\/div>\n\t\t\t\t<\/div>\n\t\t\t\t\t<\/div>\n\t\t<\/div>\n\t\t\t\t\t<\/div>\n\t\t<\/section>\n\t\t\t\t<\/div>\n\t\t","protected":false},"excerpt":{"rendered":"<p>KARTON ET\u0130KETLER Giyim i\u00e7in karton etiketler her markan\u0131n \u00e7ok \u00f6nemli sunumcular\u0131ndan biridir.\u0130yi yap\u0131lm\u0131\u015fsa ve ayn\u0131 zamanda g\u00fczel ve modern bir tasar\u0131ma sahipse, sat\u0131\u015flar\u0131, markan\u0131z\u0131n de\u011ferini ve<span class=\"excerpt-hellip\"> [\u2026]<\/span><\/p>\n","protected":false},"author":1,"featured_media":0,"parent":0,"menu_order":0,"comment_status":"closed","ping_status":"closed","template":"","meta":{"footnotes":""},"class_list":["post-1311","page","type-page","status-publish","hentry"],"_links":{"self":[{"href":"https:\/\/abayetiket.com\/tr\/wp-json\/wp\/v2\/pages\/1311","targetHints":{"allow":["GET"]}}],"collection":[{"href":"https:\/\/abayetiket.com\/tr\/wp-json\/wp\/v2\/pages"}],"about":[{"href":"https:\/\/abayetiket.com\/tr\/wp-json\/wp\/v2\/types\/page"}],"author":[{"embeddable":true,"href":"https:\/\/abayetiket.com\/tr\/wp-json\/wp\/v2\/users\/1"}],"replies":[{"embeddable":true,"href":"https:\/\/abayetiket.com\/tr\/wp-json\/wp\/v2\/comments?post=1311"}],"version-history":[{"count":0,"href":"https:\/\/abayetiket.com\/tr\/wp-json\/wp\/v2\/pages\/1311\/revisions"}],"wp:attachment":[{"href":"https:\/\/abayetiket.com\/tr\/wp-json\/wp\/v2\/media?parent=1311"}],"curies":[{"name":"wp","href":"https:\/\/api.w.org\/{rel}","templated":true}]}}