{"id":1344,"date":"2022-01-23T16:59:21","date_gmt":"2022-01-23T16:59:21","guid":{"rendered":"https:\/\/abayetiket.com\/kagit-torbalar\/"},"modified":"2022-01-23T16:59:21","modified_gmt":"2022-01-23T16:59:21","slug":"kagit-torbalar","status":"publish","type":"page","link":"https:\/\/abayetiket.com\/tr\/kagit-torbalar\/","title":{"rendered":"Ka\u011f\u0131t torbalar"},"content":{"rendered":"\t\t<div data-elementor-type=\"wp-page\" data-elementor-id=\"1344\" class=\"elementor elementor-1344 elementor-782\" data-elementor-post-type=\"page\">\n\t\t\t\t\t\t<section class=\"elementor-section elementor-top-section elementor-element elementor-element-3c561b6 elementor-section-boxed elementor-section-height-default elementor-section-height-default\" data-id=\"3c561b6\" data-element_type=\"section\" data-e-type=\"section\">\n\t\t\t\t\t\t<div class=\"elementor-container elementor-column-gap-default\">\n\t\t\t\t\t<div class=\"elementor-column elementor-col-100 elementor-top-column elementor-element elementor-element-64db418f\" data-id=\"64db418f\" data-element_type=\"column\" data-e-type=\"column\">\n\t\t\t<div class=\"elementor-widget-wrap elementor-element-populated\">\n\t\t\t\t\t\t<div class=\"elementor-element elementor-element-1bd3b46b elementor-widget elementor-widget-text-editor\" data-id=\"1bd3b46b\" data-element_type=\"widget\" data-e-type=\"widget\" data-widget_type=\"text-editor.default\">\n\t\t\t\t<div class=\"elementor-widget-container\">\n\t\t\t\t\t\t\t\t\t<h2 style=\"text-align: center;\">DEKORAT\u0130F KA\u011eIT \u00c7ANTA<\/h2>\n\t\t\t\t\t\t\t\t<\/div>\n\t\t\t\t<\/div>\n\t\t\t\t\t<\/div>\n\t\t<\/div>\n\t\t\t\t\t<\/div>\n\t\t<\/section>\n\t\t\t\t<section class=\"elementor-section elementor-top-section elementor-element elementor-element-1b6a31f0 elementor-section-stretched elementor-section-content-middle elementor-section-boxed elementor-section-height-default elementor-section-height-default\" data-id=\"1b6a31f0\" data-element_type=\"section\" data-e-type=\"section\" data-settings=\"{&quot;stretch_section&quot;:&quot;section-stretched&quot;,&quot;background_background&quot;:&quot;classic&quot;}\">\n\t\t\t\t\t\t<div class=\"elementor-container elementor-column-gap-no\">\n\t\t\t\t\t<div class=\"elementor-column elementor-col-50 elementor-top-column elementor-element elementor-element-56a17fc7\" data-id=\"56a17fc7\" data-element_type=\"column\" data-e-type=\"column\">\n\t\t\t<div class=\"elementor-widget-wrap elementor-element-populated\">\n\t\t\t\t\t\t<div class=\"elementor-element elementor-element-78380a36 elementor-widget elementor-widget-image\" data-id=\"78380a36\" data-element_type=\"widget\" data-e-type=\"widget\" data-widget_type=\"image.default\">\n\t\t\t\t<div class=\"elementor-widget-container\">\n\t\t\t\t\t\t\t\t\t\t\t\t\t\t\t<img fetchpriority=\"high\" decoding=\"async\" width=\"1920\" height=\"1282\" src=\"https:\/\/abayetiket.com\/wp-content\/uploads\/2022\/01\/decorative-paper-bags.png\" class=\"attachment-full size-full wp-image-1290\" alt=\"\" srcset=\"https:\/\/abayetiket.com\/wp-content\/uploads\/2022\/01\/decorative-paper-bags.png 1920w, https:\/\/abayetiket.com\/wp-content\/uploads\/2022\/01\/decorative-paper-bags-300x200.png 300w, https:\/\/abayetiket.com\/wp-content\/uploads\/2022\/01\/decorative-paper-bags-1024x684.png 1024w, https:\/\/abayetiket.com\/wp-content\/uploads\/2022\/01\/decorative-paper-bags-768x513.png 768w, https:\/\/abayetiket.com\/wp-content\/uploads\/2022\/01\/decorative-paper-bags-1536x1026.png 1536w, https:\/\/abayetiket.com\/wp-content\/uploads\/2022\/01\/decorative-paper-bags-219x146.png 219w, https:\/\/abayetiket.com\/wp-content\/uploads\/2022\/01\/decorative-paper-bags-50x33.png 50w, https:\/\/abayetiket.com\/wp-content\/uploads\/2022\/01\/decorative-paper-bags-112x75.png 112w\" sizes=\"(max-width:767px) 480px, (max-width:1920px) 100vw, 1920px\" \/>\t\t\t\t\t\t\t\t\t\t\t\t\t\t\t<\/div>\n\t\t\t\t<\/div>\n\t\t\t\t\t<\/div>\n\t\t<\/div>\n\t\t\t\t<div class=\"elementor-column elementor-col-50 elementor-top-column elementor-element elementor-element-555df74b\" data-id=\"555df74b\" data-element_type=\"column\" data-e-type=\"column\">\n\t\t\t<div class=\"elementor-widget-wrap elementor-element-populated\">\n\t\t\t\t\t\t<div class=\"elementor-element elementor-element-2cd1192b elementor-widget elementor-widget-text-editor\" data-id=\"2cd1192b\" data-element_type=\"widget\" data-e-type=\"widget\" data-widget_type=\"text-editor.default\">\n\t\t\t\t<div class=\"elementor-widget-container\">\n\t\t\t\t\t\t\t\t\t<p class=\"long-description-header text-size-4 strong\"><strong>\u00d6zel ka\u011f\u0131t torbalarla her sat\u0131\u015f\u0131 yeni bir pazarlama f\u0131rsat\u0131na d\u00f6n\u00fc\u015ft\u00fcr\u00fcn.<\/strong><\/p>\n<div class=\"long-description-body text-\">\n<p>Bug\u00fcnden itibaren, m\u00fc\u015fterilerinize sat\u0131n ald\u0131klar\u0131n\u0131 veya hediyelerini ta\u015f\u0131mak i\u00e7in kullanabilecekleri bir \u015fey verin (bu arada markan\u0131z\u0131 tan\u0131tmaya devam edin).<\/p>\n<p>Ka\u011f\u0131t torbalar, ister marka bilinci olu\u015fturma, ister ma\u011faza i\u00e7i bir etkinli\u011fin tan\u0131t\u0131m\u0131n\u0131 yapma, ister paket servis \u00f6zel \u00fcr\u00fcnleri ve daha fazlas\u0131 olsun, herhangi bir pazarlama kampanyas\u0131na dahil edilebilecek uygun fiyatl\u0131 bir paketleme se\u00e7ene\u011fidir. <\/p>\n<\/div>\n\t\t\t\t\t\t\t\t<\/div>\n\t\t\t\t<\/div>\n\t\t\t\t\t<\/div>\n\t\t<\/div>\n\t\t\t\t\t<\/div>\n\t\t<\/section>\n\t\t\t\t<section class=\"elementor-section elementor-top-section elementor-element elementor-element-4f026f55 elementor-section-stretched elementor-section-content-middle elementor-reverse-tablet elementor-reverse-mobile elementor-section-boxed elementor-section-height-default elementor-section-height-default\" data-id=\"4f026f55\" data-element_type=\"section\" data-e-type=\"section\" data-settings=\"{&quot;stretch_section&quot;:&quot;section-stretched&quot;,&quot;background_background&quot;:&quot;classic&quot;}\">\n\t\t\t\t\t\t<div class=\"elementor-container elementor-column-gap-no\">\n\t\t\t\t\t<div class=\"elementor-column elementor-col-50 elementor-top-column elementor-element elementor-element-74a70d5a\" data-id=\"74a70d5a\" data-element_type=\"column\" data-e-type=\"column\">\n\t\t\t<div class=\"elementor-widget-wrap elementor-element-populated\">\n\t\t\t\t\t\t<div class=\"elementor-element elementor-element-149d1fbc elementor-widget elementor-widget-text-editor\" data-id=\"149d1fbc\" data-element_type=\"widget\" data-e-type=\"widget\" data-widget_type=\"text-editor.default\">\n\t\t\t\t<div class=\"elementor-widget-container\">\n\t\t\t\t\t\t\t\t\t<p><strong>Sipari\u015f ko\u015fullar\u0131:<\/strong><\/p>\n<ul>\n<li>Minimum sipari\u015f miktar\u0131: 1000 adet<\/li>\n<li>\u00dcretim s\u00fcresi: 10-12 i\u015f g\u00fcn\u00fc<\/li>\n<li>Fiyat \u00f6ncelikle a\u015fa\u011f\u0131daki fakt\u00f6rlerden etkilenir:<br \/>\u2022 \u00c7anta boyutu<br \/>\u2022 Karikat\u00fcr\u00fcn t\u00fcr\u00fc ve kalitesi <br \/>\u2022 Sipari\u015f edilen miktar (daha y\u00fcksek miktar = daha d\u00fc\u015f\u00fck fiyat)<\/li>\n<li>\u00fccretsiz tasar\u0131m<\/li>\n<\/ul>\n\t\t\t\t\t\t\t\t<\/div>\n\t\t\t\t<\/div>\n\t\t\t\t\t<\/div>\n\t\t<\/div>\n\t\t\t\t<div class=\"elementor-column elementor-col-50 elementor-top-column elementor-element elementor-element-77fdc421\" data-id=\"77fdc421\" data-element_type=\"column\" data-e-type=\"column\">\n\t\t\t<div class=\"elementor-widget-wrap elementor-element-populated\">\n\t\t\t\t\t\t<div class=\"elementor-element elementor-element-6899851b elementor-widget elementor-widget-image\" data-id=\"6899851b\" data-element_type=\"widget\" data-e-type=\"widget\" data-widget_type=\"image.default\">\n\t\t\t\t<div class=\"elementor-widget-container\">\n\t\t\t\t\t\t\t\t\t\t\t\t\t\t\t<img decoding=\"async\" width=\"1920\" height=\"1280\" src=\"https:\/\/abayetiket.com\/wp-content\/uploads\/2022\/01\/bags-carton.png\" class=\"attachment-full size-full wp-image-1296\" alt=\"\" srcset=\"https:\/\/abayetiket.com\/wp-content\/uploads\/2022\/01\/bags-carton.png 1920w, https:\/\/abayetiket.com\/wp-content\/uploads\/2022\/01\/bags-carton-300x200.png 300w, https:\/\/abayetiket.com\/wp-content\/uploads\/2022\/01\/bags-carton-1024x683.png 1024w, https:\/\/abayetiket.com\/wp-content\/uploads\/2022\/01\/bags-carton-768x512.png 768w, https:\/\/abayetiket.com\/wp-content\/uploads\/2022\/01\/bags-carton-1536x1024.png 1536w, https:\/\/abayetiket.com\/wp-content\/uploads\/2022\/01\/bags-carton-219x146.png 219w, https:\/\/abayetiket.com\/wp-content\/uploads\/2022\/01\/bags-carton-50x33.png 50w, https:\/\/abayetiket.com\/wp-content\/uploads\/2022\/01\/bags-carton-113x75.png 113w\" sizes=\"(max-width:767px) 480px, (max-width:1920px) 100vw, 1920px\" \/>\t\t\t\t\t\t\t\t\t\t\t\t\t\t\t<\/div>\n\t\t\t\t<\/div>\n\t\t\t\t\t<\/div>\n\t\t<\/div>\n\t\t\t\t\t<\/div>\n\t\t<\/section>\n\t\t\t\t<\/div>\n\t\t","protected":false},"excerpt":{"rendered":"<p>DEKORAT\u0130F KA\u011eIT \u00c7ANTA \u00d6zel ka\u011f\u0131t torbalarla her sat\u0131\u015f\u0131 yeni bir pazarlama f\u0131rsat\u0131na d\u00f6n\u00fc\u015ft\u00fcr\u00fcn. Bug\u00fcnden itibaren, m\u00fc\u015fterilerinize sat\u0131n ald\u0131klar\u0131n\u0131 veya hediyelerini ta\u015f\u0131mak i\u00e7in kullanabilecekleri bir \u015fey verin<span class=\"excerpt-hellip\"> [\u2026]<\/span><\/p>\n","protected":false},"author":1,"featured_media":0,"parent":0,"menu_order":0,"comment_status":"closed","ping_status":"closed","template":"","meta":{"footnotes":""},"class_list":["post-1344","page","type-page","status-publish","hentry"],"_links":{"self":[{"href":"https:\/\/abayetiket.com\/tr\/wp-json\/wp\/v2\/pages\/1344","targetHints":{"allow":["GET"]}}],"collection":[{"href":"https:\/\/abayetiket.com\/tr\/wp-json\/wp\/v2\/pages"}],"about":[{"href":"https:\/\/abayetiket.com\/tr\/wp-json\/wp\/v2\/types\/page"}],"author":[{"embeddable":true,"href":"https:\/\/abayetiket.com\/tr\/wp-json\/wp\/v2\/users\/1"}],"replies":[{"embeddable":true,"href":"https:\/\/abayetiket.com\/tr\/wp-json\/wp\/v2\/comments?post=1344"}],"version-history":[{"count":0,"href":"https:\/\/abayetiket.com\/tr\/wp-json\/wp\/v2\/pages\/1344\/revisions"}],"wp:attachment":[{"href":"https:\/\/abayetiket.com\/tr\/wp-json\/wp\/v2\/media?parent=1344"}],"curies":[{"name":"wp","href":"https:\/\/api.w.org\/{rel}","templated":true}]}}