{"id":1354,"date":"2022-01-23T21:16:30","date_gmt":"2022-01-23T21:16:30","guid":{"rendered":"https:\/\/abayetiket.com\/dokuma-etiketler\/"},"modified":"2022-01-23T21:16:30","modified_gmt":"2022-01-23T21:16:30","slug":"dokuma-etiketler","status":"publish","type":"page","link":"https:\/\/abayetiket.com\/tr\/dokuma-etiketler\/","title":{"rendered":"Dokuma etiketler"},"content":{"rendered":"\t\t<div data-elementor-type=\"wp-page\" data-elementor-id=\"1354\" class=\"elementor elementor-1354 elementor-535\" data-elementor-post-type=\"page\">\n\t\t\t\t\t\t<section class=\"elementor-section elementor-top-section elementor-element elementor-element-2580921 elementor-section-boxed elementor-section-height-default elementor-section-height-default\" data-id=\"2580921\" data-element_type=\"section\" data-e-type=\"section\">\n\t\t\t\t\t\t<div class=\"elementor-container elementor-column-gap-default\">\n\t\t\t\t\t<div class=\"elementor-column elementor-col-100 elementor-top-column elementor-element elementor-element-48423ea\" data-id=\"48423ea\" data-element_type=\"column\" data-e-type=\"column\">\n\t\t\t<div class=\"elementor-widget-wrap elementor-element-populated\">\n\t\t\t\t\t\t<div class=\"elementor-element elementor-element-1b52ccc0 elementor-widget elementor-widget-text-editor\" data-id=\"1b52ccc0\" data-element_type=\"widget\" data-e-type=\"widget\" data-widget_type=\"text-editor.default\">\n\t\t\t\t<div class=\"elementor-widget-container\">\n\t\t\t\t\t\t\t\t\t<h2 style=\"text-align: center;\">DOKUMA ET\u0130KETLER<\/h2>\n\t\t\t\t\t\t\t\t<\/div>\n\t\t\t\t<\/div>\n\t\t\t\t\t<\/div>\n\t\t<\/div>\n\t\t\t\t\t<\/div>\n\t\t<\/section>\n\t\t\t\t<section class=\"elementor-section elementor-top-section elementor-element elementor-element-61f1e469 elementor-section-stretched elementor-section-content-middle elementor-section-boxed elementor-section-height-default elementor-section-height-default\" data-id=\"61f1e469\" data-element_type=\"section\" data-e-type=\"section\" data-settings=\"{&quot;stretch_section&quot;:&quot;section-stretched&quot;,&quot;background_background&quot;:&quot;classic&quot;}\">\n\t\t\t\t\t\t<div class=\"elementor-container elementor-column-gap-no\">\n\t\t\t\t\t<div class=\"elementor-column elementor-col-50 elementor-top-column elementor-element elementor-element-57bd043\" data-id=\"57bd043\" data-element_type=\"column\" data-e-type=\"column\">\n\t\t\t<div class=\"elementor-widget-wrap elementor-element-populated\">\n\t\t\t\t\t\t<div class=\"elementor-element elementor-element-5fde01d elementor-widget elementor-widget-image\" data-id=\"5fde01d\" data-element_type=\"widget\" data-e-type=\"widget\" data-widget_type=\"image.default\">\n\t\t\t\t<div class=\"elementor-widget-container\">\n\t\t\t\t\t\t\t\t\t\t\t\t\t\t\t<img fetchpriority=\"high\" decoding=\"async\" width=\"1242\" height=\"926\" src=\"https:\/\/abayetiket.com\/wp-content\/uploads\/2022\/01\/39.png\" class=\"attachment-full size-full wp-image-1180\" alt=\"\" srcset=\"https:\/\/abayetiket.com\/wp-content\/uploads\/2022\/01\/39.png 1242w, https:\/\/abayetiket.com\/wp-content\/uploads\/2022\/01\/39-300x224.png 300w, https:\/\/abayetiket.com\/wp-content\/uploads\/2022\/01\/39-1024x763.png 1024w, https:\/\/abayetiket.com\/wp-content\/uploads\/2022\/01\/39-768x573.png 768w, https:\/\/abayetiket.com\/wp-content\/uploads\/2022\/01\/39-196x146.png 196w, https:\/\/abayetiket.com\/wp-content\/uploads\/2022\/01\/39-50x37.png 50w, https:\/\/abayetiket.com\/wp-content\/uploads\/2022\/01\/39-101x75.png 101w\" sizes=\"(max-width:767px) 480px, (max-width:1242px) 100vw, 1242px\" \/>\t\t\t\t\t\t\t\t\t\t\t\t\t\t\t<\/div>\n\t\t\t\t<\/div>\n\t\t\t\t\t<\/div>\n\t\t<\/div>\n\t\t\t\t<div class=\"elementor-column elementor-col-50 elementor-top-column elementor-element elementor-element-3708db7\" data-id=\"3708db7\" data-element_type=\"column\" data-e-type=\"column\">\n\t\t\t<div class=\"elementor-widget-wrap elementor-element-populated\">\n\t\t\t\t\t\t<div class=\"elementor-element elementor-element-6c8f2c7e elementor-widget elementor-widget-text-editor\" data-id=\"6c8f2c7e\" data-element_type=\"widget\" data-e-type=\"widget\" data-widget_type=\"text-editor.default\">\n\t\t\t\t<div class=\"elementor-widget-container\">\n\t\t\t\t\t\t\t\t\t<h3 style=\"text-align: center;\"><strong>Kaliteli dokuma etiketler yap\u0131m\u0131nda uzman\u0131z.<\/strong><\/h3>\n<p style=\"text-align: center;\">\u015eirketler, tasar\u0131mc\u0131lar, terziler ve moda giri\u015fimleri i\u00e7in \u00fcr\u00fcnlerine m\u00fc\u015fterileri \u00fczerinde kal\u0131c\u0131 bir etki b\u0131rakan benzersiz bir son dokunu\u015f vererek dokuma etiketler yap\u0131yoruz.<\/p>\n<p style=\"text-align: center;\">Bir\u00e7ok m\u00fc\u015fterinin tasar\u0131m hakk\u0131nda bir fikri var, ancak \u00fcr\u00fcnleri i\u00e7in ideal dokuma etikete d\u00f6n\u00fc\u015ft\u00fcrmek i\u00e7in \u00f6zel dokuma etiketlerin tasar\u0131m\u0131 ve \u00fcretiminde uzmanl\u0131\u011f\u0131m\u0131za ihtiya\u00e7lar\u0131 var.<\/p>\n\t\t\t\t\t\t\t\t<\/div>\n\t\t\t\t<\/div>\n\t\t\t\t\t<\/div>\n\t\t<\/div>\n\t\t\t\t\t<\/div>\n\t\t<\/section>\n\t\t\t\t<section class=\"elementor-section elementor-top-section elementor-element elementor-element-fe6282f elementor-section-stretched elementor-section-content-middle elementor-reverse-tablet elementor-reverse-mobile elementor-section-boxed elementor-section-height-default elementor-section-height-default\" data-id=\"fe6282f\" data-element_type=\"section\" data-e-type=\"section\" data-settings=\"{&quot;stretch_section&quot;:&quot;section-stretched&quot;,&quot;background_background&quot;:&quot;classic&quot;}\">\n\t\t\t\t\t\t<div class=\"elementor-container elementor-column-gap-no\">\n\t\t\t\t\t<div class=\"elementor-column elementor-col-50 elementor-top-column elementor-element elementor-element-313919c\" data-id=\"313919c\" data-element_type=\"column\" data-e-type=\"column\">\n\t\t\t<div class=\"elementor-widget-wrap elementor-element-populated\">\n\t\t\t\t\t\t<div class=\"elementor-element elementor-element-50c7d73 elementor-widget elementor-widget-text-editor\" data-id=\"50c7d73\" data-element_type=\"widget\" data-e-type=\"widget\" data-widget_type=\"text-editor.default\">\n\t\t\t\t<div class=\"elementor-widget-container\">\n\t\t\t\t\t\t\t\t\t<p style=\"text-align: center;\">Bu sekt\u00f6rde yeniyseniz, dokuma etiketlerinizi k\u0131yafetlerinize ve markan\u0131za tam olarak uydurmak i\u00e7in gereken dokuman\u0131n g\u00f6r\u00fcn\u00fcm\u00fc, format\u0131, renkleri, boyutlar\u0131 ve t\u00fcrleri hakk\u0131nda size uzman tavsiyesi veriyoruz.<\/p>\n<p style=\"text-align: center;\">Dokuma etiketiniz i\u00e7in halihaz\u0131rda bir tasar\u0131m\u0131n\u0131z varsa, i\u015fbirli\u011finiz i\u00e7in en iyi ko\u015fullar\u0131 yaratmak i\u00e7in bizimle ileti\u015fime ge\u00e7in.<\/p>\n<p style=\"text-align: center;\">Rekabet\u00e7i fiyatlar, kalite ve h\u0131zl\u0131 teslimat sunuyoruz.<\/p>\n<p style=\"text-align: center;\">Normal \u00fcretim ve teslimat s\u00fcresi, minimum sipari\u015f miktar\u0131 2000 adet olmak \u00fczere 7 &#8211; 10 g\u00fcnd\u00fcr.<\/p>\n\t\t\t\t\t\t\t\t<\/div>\n\t\t\t\t<\/div>\n\t\t\t\t\t<\/div>\n\t\t<\/div>\n\t\t\t\t<div class=\"elementor-column elementor-col-50 elementor-top-column elementor-element elementor-element-7d670a3\" data-id=\"7d670a3\" data-element_type=\"column\" data-e-type=\"column\">\n\t\t\t<div class=\"elementor-widget-wrap elementor-element-populated\">\n\t\t\t\t\t\t<div class=\"elementor-element elementor-element-8e23474 elementor-widget elementor-widget-image\" data-id=\"8e23474\" data-element_type=\"widget\" data-e-type=\"widget\" data-widget_type=\"image.default\">\n\t\t\t\t<div class=\"elementor-widget-container\">\n\t\t\t\t\t\t\t\t\t\t\t\t\t\t\t<img decoding=\"async\" width=\"1284\" height=\"1055\" src=\"https:\/\/abayetiket.com\/wp-content\/uploads\/2022\/01\/81-1.jpeg\" class=\"attachment-full size-full wp-image-1228\" alt=\"\" srcset=\"https:\/\/abayetiket.com\/wp-content\/uploads\/2022\/01\/81-1.jpeg 1284w, https:\/\/abayetiket.com\/wp-content\/uploads\/2022\/01\/81-1-300x246.jpeg 300w, https:\/\/abayetiket.com\/wp-content\/uploads\/2022\/01\/81-1-1024x841.jpeg 1024w, https:\/\/abayetiket.com\/wp-content\/uploads\/2022\/01\/81-1-768x631.jpeg 768w, https:\/\/abayetiket.com\/wp-content\/uploads\/2022\/01\/81-1-178x146.jpeg 178w, https:\/\/abayetiket.com\/wp-content\/uploads\/2022\/01\/81-1-50x41.jpeg 50w, https:\/\/abayetiket.com\/wp-content\/uploads\/2022\/01\/81-1-91x75.jpeg 91w\" sizes=\"(max-width:767px) 480px, (max-width:1284px) 100vw, 1284px\" \/>\t\t\t\t\t\t\t\t\t\t\t\t\t\t\t<\/div>\n\t\t\t\t<\/div>\n\t\t\t\t\t<\/div>\n\t\t<\/div>\n\t\t\t\t\t<\/div>\n\t\t<\/section>\n\t\t\t\t<section class=\"elementor-section elementor-top-section elementor-element elementor-element-b9fb2fc elementor-section-stretched elementor-section-content-middle elementor-section-boxed elementor-section-height-default elementor-section-height-default\" data-id=\"b9fb2fc\" data-element_type=\"section\" data-e-type=\"section\" data-settings=\"{&quot;stretch_section&quot;:&quot;section-stretched&quot;,&quot;background_background&quot;:&quot;classic&quot;}\">\n\t\t\t\t\t\t<div class=\"elementor-container elementor-column-gap-no\">\n\t\t\t\t\t<div class=\"elementor-column elementor-col-50 elementor-top-column elementor-element elementor-element-4dcb9d4\" data-id=\"4dcb9d4\" data-element_type=\"column\" data-e-type=\"column\">\n\t\t\t<div class=\"elementor-widget-wrap elementor-element-populated\">\n\t\t\t\t\t\t<div class=\"elementor-element elementor-element-eec81e3 elementor-widget elementor-widget-image\" data-id=\"eec81e3\" data-element_type=\"widget\" data-e-type=\"widget\" data-widget_type=\"image.default\">\n\t\t\t\t<div class=\"elementor-widget-container\">\n\t\t\t\t\t\t\t\t\t\t\t\t\t\t\t<img decoding=\"async\" width=\"2560\" height=\"1707\" src=\"https:\/\/abayetiket.com\/wp-content\/uploads\/2022\/01\/woven-label-machine-scaled.jpg\" class=\"attachment-full size-full wp-image-1232\" alt=\"\" srcset=\"https:\/\/abayetiket.com\/wp-content\/uploads\/2022\/01\/woven-label-machine-scaled.jpg 2560w, https:\/\/abayetiket.com\/wp-content\/uploads\/2022\/01\/woven-label-machine-300x200.jpg 300w, https:\/\/abayetiket.com\/wp-content\/uploads\/2022\/01\/woven-label-machine-1024x683.jpg 1024w, https:\/\/abayetiket.com\/wp-content\/uploads\/2022\/01\/woven-label-machine-768x512.jpg 768w, https:\/\/abayetiket.com\/wp-content\/uploads\/2022\/01\/woven-label-machine-1536x1024.jpg 1536w, https:\/\/abayetiket.com\/wp-content\/uploads\/2022\/01\/woven-label-machine-2048x1365.jpg 2048w, https:\/\/abayetiket.com\/wp-content\/uploads\/2022\/01\/woven-label-machine-219x146.jpg 219w, https:\/\/abayetiket.com\/wp-content\/uploads\/2022\/01\/woven-label-machine-50x33.jpg 50w, https:\/\/abayetiket.com\/wp-content\/uploads\/2022\/01\/woven-label-machine-112x75.jpg 112w\" sizes=\"(max-width:767px) 480px, (max-width:2560px) 100vw, 2560px\" \/>\t\t\t\t\t\t\t\t\t\t\t\t\t\t\t<\/div>\n\t\t\t\t<\/div>\n\t\t\t\t\t<\/div>\n\t\t<\/div>\n\t\t\t\t<div class=\"elementor-column elementor-col-50 elementor-top-column elementor-element elementor-element-52345eb\" data-id=\"52345eb\" data-element_type=\"column\" data-e-type=\"column\">\n\t\t\t<div class=\"elementor-widget-wrap elementor-element-populated\">\n\t\t\t\t\t\t<div class=\"elementor-element elementor-element-bafbe0a elementor-widget elementor-widget-text-editor\" data-id=\"bafbe0a\" data-element_type=\"widget\" data-e-type=\"widget\" data-widget_type=\"text-editor.default\">\n\t\t\t\t<div class=\"elementor-widget-container\">\n\t\t\t\t\t\t\t\t\t<p><strong>Prosed\u00fcr a\u015fa\u011f\u0131daki gibidir:<\/strong><\/p>\n<ul>\n<li>Bize istenen etiket d\u00fczenini sa\u011flay\u0131n (taslak)<\/li>\n<li>7 g\u00fcn i\u00e7inde \u00f6rnek bir foto\u011fraf alacaks\u0131n\u0131z<\/li>\n<li>Numune baz\u0131nda fiyat ve teslim s\u00fcresi tan\u0131mlan\u0131r<\/li>\n<li>\u0130\u015flemeli etiket \u00fcretimi i\u00e7in minimum miktar 2000 adettir.<\/li>\n<\/ul>\n<p><strong>Not: Tercih edilen etiket tasar\u0131m format\u0131 1: 1 vekt\u00f6r\u00fcd\u00fcr<\/strong><\/p>\n\t\t\t\t\t\t\t\t<\/div>\n\t\t\t\t<\/div>\n\t\t\t\t\t<\/div>\n\t\t<\/div>\n\t\t\t\t\t<\/div>\n\t\t<\/section>\n\t\t\t\t<section class=\"elementor-section elementor-top-section elementor-element elementor-element-5a87951 elementor-section-stretched elementor-section-content-middle elementor-reverse-tablet elementor-reverse-mobile elementor-section-boxed elementor-section-height-default elementor-section-height-default\" data-id=\"5a87951\" data-element_type=\"section\" data-e-type=\"section\" data-settings=\"{&quot;stretch_section&quot;:&quot;section-stretched&quot;,&quot;background_background&quot;:&quot;classic&quot;}\">\n\t\t\t\t\t\t<div class=\"elementor-container elementor-column-gap-no\">\n\t\t\t\t\t<div class=\"elementor-column elementor-col-50 elementor-top-column elementor-element elementor-element-d783f36\" data-id=\"d783f36\" data-element_type=\"column\" data-e-type=\"column\">\n\t\t\t<div class=\"elementor-widget-wrap elementor-element-populated\">\n\t\t\t\t\t\t<div class=\"elementor-element elementor-element-4b95d41 elementor-widget elementor-widget-text-editor\" data-id=\"4b95d41\" data-element_type=\"widget\" data-e-type=\"widget\" data-widget_type=\"text-editor.default\">\n\t\t\t\t<div class=\"elementor-widget-container\">\n\t\t\t\t\t\t\t\t\t<p><strong>Etiketin fiyat\u0131 \u00f6ncelikle a\u015fa\u011f\u0131daki fakt\u00f6rlerden etkilenir:<\/strong><\/p>\n<ul>\n<li>Etiket boyutu<\/li>\n<li>Etikette yerle\u015fik renk say\u0131s\u0131 (maksimum 10)<\/li>\n<li>Sipari\u015f edilen par\u00e7a say\u0131s\u0131 (daha y\u00fcksek say\u0131 = daha d\u00fc\u015f\u00fck fiyat)<\/li>\n<\/ul>\n\t\t\t\t\t\t\t\t<\/div>\n\t\t\t\t<\/div>\n\t\t\t\t\t<\/div>\n\t\t<\/div>\n\t\t\t\t<div class=\"elementor-column elementor-col-50 elementor-top-column elementor-element elementor-element-f584141\" data-id=\"f584141\" data-element_type=\"column\" data-e-type=\"column\">\n\t\t\t<div class=\"elementor-widget-wrap elementor-element-populated\">\n\t\t\t\t\t\t<div class=\"elementor-element elementor-element-93c1ba7 elementor-widget elementor-widget-image\" data-id=\"93c1ba7\" data-element_type=\"widget\" data-e-type=\"widget\" data-widget_type=\"image.default\">\n\t\t\t\t<div class=\"elementor-widget-container\">\n\t\t\t\t\t\t\t\t\t\t\t\t\t\t\t<img loading=\"lazy\" decoding=\"async\" width=\"1284\" height=\"679\" src=\"https:\/\/abayetiket.com\/wp-content\/uploads\/2022\/01\/61.jpeg\" class=\"attachment-full size-full wp-image-1234\" alt=\"\" srcset=\"https:\/\/abayetiket.com\/wp-content\/uploads\/2022\/01\/61.jpeg 1284w, https:\/\/abayetiket.com\/wp-content\/uploads\/2022\/01\/61-300x159.jpeg 300w, https:\/\/abayetiket.com\/wp-content\/uploads\/2022\/01\/61-1024x542.jpeg 1024w, https:\/\/abayetiket.com\/wp-content\/uploads\/2022\/01\/61-768x406.jpeg 768w, https:\/\/abayetiket.com\/wp-content\/uploads\/2022\/01\/61-260x137.jpeg 260w, https:\/\/abayetiket.com\/wp-content\/uploads\/2022\/01\/61-50x26.jpeg 50w, https:\/\/abayetiket.com\/wp-content\/uploads\/2022\/01\/61-142x75.jpeg 142w\" sizes=\"(max-width:767px) 480px, (max-width:1284px) 100vw, 1284px\" \/>\t\t\t\t\t\t\t\t\t\t\t\t\t\t\t<\/div>\n\t\t\t\t<\/div>\n\t\t\t\t\t<\/div>\n\t\t<\/div>\n\t\t\t\t\t<\/div>\n\t\t<\/section>\n\t\t\t\t<\/div>\n\t\t","protected":false},"excerpt":{"rendered":"<p>DOKUMA ET\u0130KETLER Kaliteli dokuma etiketler yap\u0131m\u0131nda uzman\u0131z. \u015eirketler, tasar\u0131mc\u0131lar, terziler ve moda giri\u015fimleri i\u00e7in \u00fcr\u00fcnlerine m\u00fc\u015fterileri \u00fczerinde kal\u0131c\u0131 bir etki b\u0131rakan benzersiz bir son dokunu\u015f vererek<span class=\"excerpt-hellip\"> [\u2026]<\/span><\/p>\n","protected":false},"author":1,"featured_media":0,"parent":0,"menu_order":0,"comment_status":"closed","ping_status":"closed","template":"","meta":{"footnotes":""},"class_list":["post-1354","page","type-page","status-publish","hentry"],"_links":{"self":[{"href":"https:\/\/abayetiket.com\/tr\/wp-json\/wp\/v2\/pages\/1354","targetHints":{"allow":["GET"]}}],"collection":[{"href":"https:\/\/abayetiket.com\/tr\/wp-json\/wp\/v2\/pages"}],"about":[{"href":"https:\/\/abayetiket.com\/tr\/wp-json\/wp\/v2\/types\/page"}],"author":[{"embeddable":true,"href":"https:\/\/abayetiket.com\/tr\/wp-json\/wp\/v2\/users\/1"}],"replies":[{"embeddable":true,"href":"https:\/\/abayetiket.com\/tr\/wp-json\/wp\/v2\/comments?post=1354"}],"version-history":[{"count":0,"href":"https:\/\/abayetiket.com\/tr\/wp-json\/wp\/v2\/pages\/1354\/revisions"}],"wp:attachment":[{"href":"https:\/\/abayetiket.com\/tr\/wp-json\/wp\/v2\/media?parent=1354"}],"curies":[{"name":"wp","href":"https:\/\/api.w.org\/{rel}","templated":true}]}}